{"id":187,"date":"2024-03-27T18:56:51","date_gmt":"2024-03-27T17:56:51","guid":{"rendered":"https:\/\/visitmoclinejo.es\/?page_id=187"},"modified":"2024-05-08T18:05:16","modified_gmt":"2024-05-08T16:05:16","slug":"como-llegar-a-moclinejo","status":"publish","type":"page","link":"https:\/\/www.visitmoclinejo.es\/?page_id=187","title":{"rendered":"C\u00f3mo llegar a Moclinejo"},"content":{"rendered":"\t\t<div data-elementor-type=\"wp-page\" data-elementor-id=\"187\" class=\"elementor elementor-187\">\n\t\t\t\t<div class=\"elementor-element elementor-element-eff0a78 e-con-full e-flex e-con e-parent\" data-id=\"eff0a78\" data-element_type=\"container\" data-settings=\"{&quot;background_background&quot;:&quot;classic&quot;}\">\n\t\t\t\t<div class=\"elementor-element elementor-element-643a352 elementor-widget__width-inherit elementor-absolute elementor-widget elementor-widget-heading\" data-id=\"643a352\" data-element_type=\"widget\" data-settings=\"{&quot;_position&quot;:&quot;absolute&quot;}\" data-widget_type=\"heading.default\">\n\t\t\t\t<div class=\"elementor-widget-container\">\n\t\t\t\t\t<p class=\"elementor-heading-title elementor-size-default\">C\u00d3MO LLEGAR<\/p>\t\t\t\t<\/div>\n\t\t\t\t<\/div>\n\t\t\t\t<\/div>\n\t\t<div class=\"elementor-element elementor-element-e0cfb33 e-flex e-con-boxed e-con e-parent\" data-id=\"e0cfb33\" data-element_type=\"container\">\n\t\t\t\t\t<div class=\"e-con-inner\">\n\t\t\t\t<div class=\"elementor-element elementor-element-8c557d6 elementor-widget elementor-widget-heading\" data-id=\"8c557d6\" data-element_type=\"widget\" data-widget_type=\"heading.default\">\n\t\t\t\t<div class=\"elementor-widget-container\">\n\t\t\t\t\t<h1 class=\"elementor-heading-title elementor-size-default\">C\u00f3mo llegar a Moclinejo<\/h1>\t\t\t\t<\/div>\n\t\t\t\t<\/div>\n\t\t\t\t<div class=\"elementor-element elementor-element-5d45f86 elementor-widget elementor-widget-text-editor\" data-id=\"5d45f86\" data-element_type=\"widget\" data-widget_type=\"text-editor.default\">\n\t\t\t\t<div class=\"elementor-widget-container\">\n\t\t\t\t\t\t\t\t\t<p>Ubicado en las laderas de la Axarqu\u00eda malague\u00f1a, a 15 minutos de las playas de Rinc\u00f3n de la Victoria, el pueblo blanco de Moclinejo es un destino que no te puedes perder.<\/p>\n<p>Si viajas en coche, Moclinejo est\u00e1 a solo 30 minutos de M\u00e1laga por la A-7 y la MA-3113. <br>Este pintoresco viaje te llevar\u00e1 a trav\u00e9s de hermosos paisajes de olivares y vi\u00f1edos, ofreci\u00e9ndote vistas panor\u00e1micas del Mediterr\u00e1neo.<\/p>\n<p>Si eres de los que hace rutas en moto, las carreteras que llegan a Moclinejo te encantar\u00e1n y son uno de los itinerarios favoritos de los motoristas en M\u00e1laga.<\/p>\n<p>Y m\u00e1s a\u00fan si eres ciclista, Moclinejo es una de las principales rutas para ciclismo de carretera de toda la provincia. Las vistas son impresionantes, y es todo un logro salvar el desnivel para llegar a Moclinejo.<\/p><p><span style=\"font-style: inherit; font-weight: inherit; color: var( --e-global-color-text ); letter-spacing: 0px; text-align: var(--text-align); background-color: var(--ast-global-color-5);\">Para aquellos que prefieren el transporte p\u00fablico, hay autobuses regulares desde M\u00e1laga a Moclinejo. Se llega con la l\u00ednea 262 y el viaje dura aproximadamente una hora y te ofrece la oportunidad de relajarte y disfrutar del paisaje mientras te acercas a tu destino.<\/span><\/p>\n<p>Una vez que llegues a Moclinejo, te encontrar\u00e1s en un lugar donde la tradici\u00f3n y la belleza se unen. Con sus calles sinuosas llenas de flores, sus casas blancas y sus impresionantes vistas, Moclinejo es un testimonio de la rica historia y cultura de la Axarqu\u00eda.<\/p>\n<p>As\u00ed que, ya sea que est\u00e9s buscando una escapada tranquila, una aventura vin\u00edcola o simplemente un lugar para relajarte y disfrutar de la belleza natural, Moclinejo te espera. \u00a1Ven y descubre por ti mismo lo que hace de este pueblo un destino tan especial!<\/p>\t\t\t\t\t\t\t\t<\/div>\n\t\t\t\t<\/div>\n\t\t\t\t\t<\/div>\n\t\t\t\t<\/div>\n\t\t<div class=\"elementor-element elementor-element-f8101b3 e-flex e-con-boxed e-con e-parent\" data-id=\"f8101b3\" data-element_type=\"container\">\n\t\t\t\t\t<div class=\"e-con-inner\">\n\t\t\t\t<div class=\"elementor-element elementor-element-95cfc3b elementor-widget__width-initial elementor-widget elementor-widget-google_maps\" data-id=\"95cfc3b\" data-element_type=\"widget\" data-widget_type=\"google_maps.default\">\n\t\t\t\t<div class=\"elementor-widget-container\">\n\t\t\t\t\t\t\t<div class=\"elementor-custom-embed\">\n\t\t\t<iframe\n\t\t\t\t\tdata-src=\"https:\/\/maps.google.com\/maps?q=Moclinejo&#038;t=m&#038;z=14&#038;output=embed&#038;iwloc=near\"\n\t\t\t\t\ttitle=\"Moclinejo\"\n\t\t\t\t\taria-label=\"Moclinejo\"\n\t\t\t src=\"data:image\/gif;base64,R0lGODlhAQABAAAAACH5BAEKAAEALAAAAAABAAEAAAICTAEAOw==\" class=\"lazyload\" data-load-mode=\"1\"><\/iframe>\n\t\t<\/div>\n\t\t\t\t\t\t<\/div>\n\t\t\t\t<\/div>\n\t\t\t\t\t<\/div>\n\t\t\t\t<\/div>\n\t\t\t\t<\/div>\n\t\t","protected":false},"excerpt":{"rendered":"<p>C\u00d3MO LLEGAR C\u00f3mo llegar a Moclinejo Ubicado en las laderas de la Axarqu\u00eda malague\u00f1a, a 15 minutos de las playas [&hellip;]<\/p>\n","protected":false},"author":2,"featured_media":0,"parent":0,"menu_order":0,"comment_status":"closed","ping_status":"closed","template":"","meta":{"_monsterinsights_skip_tracking":false,"_monsterinsights_sitenote_active":false,"_monsterinsights_sitenote_note":"","_monsterinsights_sitenote_category":0,"site-sidebar-layout":"no-sidebar","site-content-layout":"","ast-site-content-layout":"full-width-container","site-content-style":"default","site-sidebar-style":"default","ast-global-header-display":"","ast-banner-title-visibility":"","ast-main-header-display":"","ast-hfb-above-header-display":"","ast-hfb-below-header-display":"","ast-hfb-mobile-header-display":"","site-post-title":"","ast-breadcrumbs-content":"","ast-featured-img":"disabled","footer-sml-layout":"","theme-transparent-header-meta":"","adv-header-id-meta":"","stick-header-meta":"","header-above-stick-meta":"","header-main-stick-meta":"","header-below-stick-meta":"","astra-migrate-meta-layouts":"default","ast-page-background-enabled":"default","ast-page-background-meta":{"desktop":{"background-color":"var(--ast-global-color-4)","background-image":"","background-repeat":"repeat","background-position":"center center","background-size":"auto","background-attachment":"scroll","background-type":"","background-media":"","overlay-type":"","overlay-color":"","overlay-gradient":""},"tablet":{"background-color":"","background-image":"","background-repeat":"repeat","background-position":"center center","background-size":"auto","background-attachment":"scroll","background-type":"","background-media":"","overlay-type":"","overlay-color":"","overlay-gradient":""},"mobile":{"background-color":"","background-image":"","background-repeat":"repeat","background-position":"center center","background-size":"auto","background-attachment":"scroll","background-type":"","background-media":"","overlay-type":"","overlay-color":"","overlay-gradient":""}},"ast-content-background-meta":{"desktop":{"background-color":"var(--ast-global-color-5)","background-image":"","background-repeat":"repeat","background-position":"center center","background-size":"auto","background-attachment":"scroll","background-type":"","background-media":"","overlay-type":"","overlay-color":"","overlay-gradient":""},"tablet":{"background-color":"var(--ast-global-color-5)","background-image":"","background-repeat":"repeat","background-position":"center center","background-size":"auto","background-attachment":"scroll","background-type":"","background-media":"","overlay-type":"","overlay-color":"","overlay-gradient":""},"mobile":{"background-color":"var(--ast-global-color-5)","background-image":"","background-repeat":"repeat","background-position":"center center","background-size":"auto","background-attachment":"scroll","background-type":"","background-media":"","overlay-type":"","overlay-color":"","overlay-gradient":""}},"footnotes":""},"class_list":["post-187","page","type-page","status-publish","hentry"],"aioseo_notices":[],"_links":{"self":[{"href":"https:\/\/www.visitmoclinejo.es\/index.php?rest_route=\/wp\/v2\/pages\/187","targetHints":{"allow":["GET"]}}],"collection":[{"href":"https:\/\/www.visitmoclinejo.es\/index.php?rest_route=\/wp\/v2\/pages"}],"about":[{"href":"https:\/\/www.visitmoclinejo.es\/index.php?rest_route=\/wp\/v2\/types\/page"}],"author":[{"embeddable":true,"href":"https:\/\/www.visitmoclinejo.es\/index.php?rest_route=\/wp\/v2\/users\/2"}],"replies":[{"embeddable":true,"href":"https:\/\/www.visitmoclinejo.es\/index.php?rest_route=%2Fwp%2Fv2%2Fcomments&post=187"}],"version-history":[{"count":41,"href":"https:\/\/www.visitmoclinejo.es\/index.php?rest_route=\/wp\/v2\/pages\/187\/revisions"}],"predecessor-version":[{"id":630,"href":"https:\/\/www.visitmoclinejo.es\/index.php?rest_route=\/wp\/v2\/pages\/187\/revisions\/630"}],"wp:attachment":[{"href":"https:\/\/www.visitmoclinejo.es\/index.php?rest_route=%2Fwp%2Fv2%2Fmedia&parent=187"}],"curies":[{"name":"wp","href":"https:\/\/api.w.org\/{rel}","templated":true}]}}