{"id":243,"date":"2024-03-27T20:06:14","date_gmt":"2024-03-27T19:06:14","guid":{"rendered":"https:\/\/visitmoclinejo.es\/?page_id=243"},"modified":"2024-05-30T12:16:53","modified_gmt":"2024-05-30T10:16:53","slug":"gastronomia-de-moclinejo","status":"publish","type":"page","link":"https:\/\/www.visitmoclinejo.es\/?page_id=243","title":{"rendered":"Gastronom\u00eda de Moclinejo"},"content":{"rendered":"\t\t<div data-elementor-type=\"wp-page\" data-elementor-id=\"243\" class=\"elementor elementor-243\">\n\t\t\t\t<div class=\"elementor-element elementor-element-8c5e35b e-con-full e-flex e-con e-parent\" data-id=\"8c5e35b\" data-element_type=\"container\" data-settings=\"{&quot;background_background&quot;:&quot;classic&quot;}\">\n\t\t\t\t<div class=\"elementor-element elementor-element-b18cf12 elementor-widget__width-inherit elementor-absolute elementor-widget elementor-widget-heading\" data-id=\"b18cf12\" data-element_type=\"widget\" data-settings=\"{&quot;_position&quot;:&quot;absolute&quot;}\" data-widget_type=\"heading.default\">\n\t\t\t\t<div class=\"elementor-widget-container\">\n\t\t\t\t\t<p class=\"elementor-heading-title elementor-size-default\">GASTRONOM\u00cdA<\/p>\t\t\t\t<\/div>\n\t\t\t\t<\/div>\n\t\t\t\t<\/div>\n\t\t<div class=\"elementor-element elementor-element-c612b0f e-flex e-con-boxed e-con e-parent\" data-id=\"c612b0f\" data-element_type=\"container\">\n\t\t\t\t\t<div class=\"e-con-inner\">\n\t\t\t\t<div class=\"elementor-element elementor-element-7e96ade elementor-widget elementor-widget-heading\" data-id=\"7e96ade\" data-element_type=\"widget\" data-widget_type=\"heading.default\">\n\t\t\t\t<div class=\"elementor-widget-container\">\n\t\t\t\t\t<h1 class=\"elementor-heading-title elementor-size-default\">La gastronom\u00eda de Moclinejo<\/h1>\t\t\t\t<\/div>\n\t\t\t\t<\/div>\n\t\t\t\t<div class=\"elementor-element elementor-element-8b3ed86 elementor-widget elementor-widget-text-editor\" data-id=\"8b3ed86\" data-element_type=\"widget\" data-widget_type=\"text-editor.default\">\n\t\t\t\t<div class=\"elementor-widget-container\">\n\t\t\t\t\t\t\t\t\t<p>Moclinejo, un pueblo blanco de la Axarqu\u00eda malague\u00f1a, es famoso no solo por su belleza natural y su gran historia, sino tambi\u00e9n por su deliciosa gastronom\u00eda. Aqu\u00ed te presentamos algunos de los platos t\u00edpicos que puedes disfrutar en tu visita:<\/p><p><strong>Solomillo a la pasa:<\/strong> Este plato combina solomillo de cerdo con las famosas pasas moscatel de Moclinejo. El solomillo se cocina hasta que est\u00e1 tierno y luego se sirve con una salsa hecha de pasas y vino dulce Moscatel de Moclinejo.<\/p><p><strong>Chivo:<\/strong> Este plato es una especialidad de la gastronom\u00eda de la Comarca de la Axarqu\u00eda, preparado con chivo, una carne tierna y sabrosa. El chivo se cocina lentamente hasta que est\u00e1 tierno y se sirve tradicionalmente con una salsa de ajo o almendras del terreno.<\/p><p><strong>Migas:<\/strong> Las migas son un plato tradicional hecho con pan duro desmigado y frito en aceite de oliva. En Moclinejo, las migas se sirven tradicionalmente con chorizo, lomo, pimientos, huevo y naranja a diferencia de otras regiones de Espa\u00f1a en las que las migas s\u00f3lo se sirven con ajo.<\/p><p><strong>Gazpachuelo:<\/strong> Una sopa caliente tradicional de la gastronom\u00eda de M\u00e1laga, y tambi\u00e9n una receta t\u00edpica de la Axarqu\u00eda. En Moclinejo el gazpachuelo se sirve con una base de caldo de mayonesa, patatas cocidas en el caldo, rosada, gambas y un huevo.<\/p><p><strong>Ajoblanco:<\/strong> Es una sopa fr\u00eda muy popular en Moclinejo y en toda la Comarca de la Axarqu\u00eda. Se hace con almendras, ajo, pan, agua, vinagre y aceite de oliva. Se sirve fr\u00edo y a menudo se acompa\u00f1a con uvas o trozos de mel\u00f3n.<\/p><p>Y por supuesto, Moclinejo tambi\u00e9n cuenta con una serie de dulces t\u00edpicos como los roscos de vino y los borrachuelos.\u00a0<\/p><p>Estos son solo algunos de los deliciosos platos que puedes probar en Moclinejo. Cada uno de ellos refleja la rica historia culinaria de la regi\u00f3n y el amor de sus habitantes por la buena comida.<\/p><p>\u00a1Ven a Moclinejo y descubre estos sabores por ti mismo!<\/p>\t\t\t\t\t\t\t\t<\/div>\n\t\t\t\t<\/div>\n\t\t\t\t\t<\/div>\n\t\t\t\t<\/div>\n\t\t<div class=\"elementor-element elementor-element-8d49176 e-flex e-con-boxed e-con e-parent\" data-id=\"8d49176\" data-element_type=\"container\">\n\t\t\t\t\t<div class=\"e-con-inner\">\n\t\t\t\t<div class=\"elementor-element elementor-element-60655eb gallery-spacing-custom elementor-widget elementor-widget-image-gallery\" data-id=\"60655eb\" data-element_type=\"widget\" data-widget_type=\"image-gallery.default\">\n\t\t\t\t<div class=\"elementor-widget-container\">\n\t\t\t\t\t\t\t<div class=\"elementor-image-gallery\">\n\t\t\t<div id='gallery-1' class='gallery galleryid-243 gallery-columns-4 gallery-size-medium'><figure class='gallery-item'>\n\t\t\t<div class='gallery-icon portrait'>\n\t\t\t\t<a data-elementor-open-lightbox=\"yes\" data-elementor-lightbox-slideshow=\"60655eb\" data-elementor-lightbox-title=\"Chivo en salsa\" data-e-action-hash=\"#elementor-action%3Aaction%3Dlightbox%26settings%3DeyJpZCI6NDg3LCJ1cmwiOiJodHRwczpcL1wvd3d3LnZpc2l0bW9jbGluZWpvLmVzXC93cC1jb250ZW50XC91cGxvYWRzXC8yMDI0XC8wNVwvQ2hpdm8uanBnIiwic2xpZGVzaG93IjoiNjA2NTVlYiJ9\" href='https:\/\/www.visitmoclinejo.es\/wp-content\/uploads\/2024\/05\/Chivo.jpg'><img fetchpriority=\"high\" decoding=\"async\" width=\"240\" height=\"300\" src=\"https:\/\/www.visitmoclinejo.es\/wp-content\/uploads\/2024\/05\/Chivo-240x300.jpg\" class=\"attachment-medium size-medium\" alt=\"Plato de chivo de la Axarqu\u00eda en salsa de almendras con guarnici\u00f3n de patatas fritas\" srcset=\"https:\/\/www.visitmoclinejo.es\/wp-content\/uploads\/2024\/05\/Chivo-240x300.jpg 240w, https:\/\/www.visitmoclinejo.es\/wp-content\/uploads\/2024\/05\/Chivo-819x1024.jpg 819w, https:\/\/www.visitmoclinejo.es\/wp-content\/uploads\/2024\/05\/Chivo-768x960.jpg 768w, https:\/\/www.visitmoclinejo.es\/wp-content\/uploads\/2024\/05\/Chivo-1229x1536.jpg 1229w, https:\/\/www.visitmoclinejo.es\/wp-content\/uploads\/2024\/05\/Chivo.jpg 1600w\" sizes=\"(max-width: 240px) 100vw, 240px\" \/><\/a>\n\t\t\t<\/div><\/figure><figure class='gallery-item'>\n\t\t\t<div class='gallery-icon portrait'>\n\t\t\t\t<a data-elementor-open-lightbox=\"yes\" data-elementor-lightbox-slideshow=\"60655eb\" data-elementor-lightbox-title=\"Gazpachuelo\" data-e-action-hash=\"#elementor-action%3Aaction%3Dlightbox%26settings%3DeyJpZCI6NDg4LCJ1cmwiOiJodHRwczpcL1wvd3d3LnZpc2l0bW9jbGluZWpvLmVzXC93cC1jb250ZW50XC91cGxvYWRzXC8yMDI0XC8wNVwvR2F6cGFjaHVlbG8uanBnIiwic2xpZGVzaG93IjoiNjA2NTVlYiJ9\" href='https:\/\/www.visitmoclinejo.es\/wp-content\/uploads\/2024\/05\/Gazpachuelo.jpg'><img decoding=\"async\" width=\"240\" height=\"300\" data-src=\"https:\/\/www.visitmoclinejo.es\/wp-content\/uploads\/2024\/05\/Gazpachuelo-240x300.jpg\" class=\"attachment-medium size-medium lazyload\" alt=\"Plato de gazpachuelo malague\u00f1o\" data-srcset=\"https:\/\/www.visitmoclinejo.es\/wp-content\/uploads\/2024\/05\/Gazpachuelo-240x300.jpg 240w, https:\/\/www.visitmoclinejo.es\/wp-content\/uploads\/2024\/05\/Gazpachuelo-819x1024.jpg 819w, https:\/\/www.visitmoclinejo.es\/wp-content\/uploads\/2024\/05\/Gazpachuelo-768x960.jpg 768w, https:\/\/www.visitmoclinejo.es\/wp-content\/uploads\/2024\/05\/Gazpachuelo-1229x1536.jpg 1229w, https:\/\/www.visitmoclinejo.es\/wp-content\/uploads\/2024\/05\/Gazpachuelo.jpg 1600w\" data-sizes=\"(max-width: 240px) 100vw, 240px\" src=\"data:image\/gif;base64,R0lGODlhAQABAAAAACH5BAEKAAEALAAAAAABAAEAAAICTAEAOw==\" style=\"--smush-placeholder-width: 240px; --smush-placeholder-aspect-ratio: 240\/300;\" \/><\/a>\n\t\t\t<\/div><\/figure><figure class='gallery-item'>\n\t\t\t<div class='gallery-icon portrait'>\n\t\t\t\t<a data-elementor-open-lightbox=\"yes\" data-elementor-lightbox-slideshow=\"60655eb\" data-elementor-lightbox-title=\"Migas\" data-e-action-hash=\"#elementor-action%3Aaction%3Dlightbox%26settings%3DeyJpZCI6NDg5LCJ1cmwiOiJodHRwczpcL1wvd3d3LnZpc2l0bW9jbGluZWpvLmVzXC93cC1jb250ZW50XC91cGxvYWRzXC8yMDI0XC8wNVwvTWlnYXMuanBnIiwic2xpZGVzaG93IjoiNjA2NTVlYiJ9\" href='https:\/\/www.visitmoclinejo.es\/wp-content\/uploads\/2024\/05\/Migas.jpg'><img decoding=\"async\" width=\"240\" height=\"300\" data-src=\"https:\/\/www.visitmoclinejo.es\/wp-content\/uploads\/2024\/05\/Migas-240x300.jpg\" class=\"attachment-medium size-medium lazyload\" alt=\"Sart\u00e9n de migas malague\u00f1as con lomo en manteca, huevo frito, chorizo, pimiento y naranja\" data-srcset=\"https:\/\/www.visitmoclinejo.es\/wp-content\/uploads\/2024\/05\/Migas-240x300.jpg 240w, https:\/\/www.visitmoclinejo.es\/wp-content\/uploads\/2024\/05\/Migas-819x1024.jpg 819w, https:\/\/www.visitmoclinejo.es\/wp-content\/uploads\/2024\/05\/Migas-768x960.jpg 768w, https:\/\/www.visitmoclinejo.es\/wp-content\/uploads\/2024\/05\/Migas-1229x1536.jpg 1229w, https:\/\/www.visitmoclinejo.es\/wp-content\/uploads\/2024\/05\/Migas.jpg 1600w\" data-sizes=\"(max-width: 240px) 100vw, 240px\" src=\"data:image\/gif;base64,R0lGODlhAQABAAAAACH5BAEKAAEALAAAAAABAAEAAAICTAEAOw==\" style=\"--smush-placeholder-width: 240px; --smush-placeholder-aspect-ratio: 240\/300;\" \/><\/a>\n\t\t\t<\/div><\/figure><figure class='gallery-item'>\n\t\t\t<div class='gallery-icon portrait'>\n\t\t\t\t<a data-elementor-open-lightbox=\"yes\" data-elementor-lightbox-slideshow=\"60655eb\" data-elementor-lightbox-title=\"Solomillo a la pasa moscatel\" data-e-action-hash=\"#elementor-action%3Aaction%3Dlightbox%26settings%3DeyJpZCI6NDkwLCJ1cmwiOiJodHRwczpcL1wvd3d3LnZpc2l0bW9jbGluZWpvLmVzXC93cC1jb250ZW50XC91cGxvYWRzXC8yMDI0XC8wNVwvU29sb21pbGxvLWEtbGEtcGFzYS5qcGciLCJzbGlkZXNob3ciOiI2MDY1NWViIn0%3D\" href='https:\/\/www.visitmoclinejo.es\/wp-content\/uploads\/2024\/05\/Solomillo-a-la-pasa.jpg'><img decoding=\"async\" width=\"240\" height=\"300\" data-src=\"https:\/\/www.visitmoclinejo.es\/wp-content\/uploads\/2024\/05\/Solomillo-a-la-pasa-240x300.jpg\" class=\"attachment-medium size-medium lazyload\" alt=\"Plato de solomillo a la pasa moscatel con guarnici\u00f3n de patatas fritas y pimiento\" data-srcset=\"https:\/\/www.visitmoclinejo.es\/wp-content\/uploads\/2024\/05\/Solomillo-a-la-pasa-240x300.jpg 240w, https:\/\/www.visitmoclinejo.es\/wp-content\/uploads\/2024\/05\/Solomillo-a-la-pasa-819x1024.jpg 819w, https:\/\/www.visitmoclinejo.es\/wp-content\/uploads\/2024\/05\/Solomillo-a-la-pasa-768x960.jpg 768w, https:\/\/www.visitmoclinejo.es\/wp-content\/uploads\/2024\/05\/Solomillo-a-la-pasa-1229x1536.jpg 1229w, https:\/\/www.visitmoclinejo.es\/wp-content\/uploads\/2024\/05\/Solomillo-a-la-pasa.jpg 1344w\" data-sizes=\"(max-width: 240px) 100vw, 240px\" src=\"data:image\/gif;base64,R0lGODlhAQABAAAAACH5BAEKAAEALAAAAAABAAEAAAICTAEAOw==\" style=\"--smush-placeholder-width: 240px; --smush-placeholder-aspect-ratio: 240\/300;\" \/><\/a>\n\t\t\t<\/div><\/figure>\n\t\t<\/div>\n\t\t<\/div>\n\t\t\t\t\t\t<\/div>\n\t\t\t\t<\/div>\n\t\t\t\t\t<\/div>\n\t\t\t\t<\/div>\n\t\t\t\t<\/div>\n\t\t","protected":false},"excerpt":{"rendered":"<p>GASTRONOM\u00cdA La gastronom\u00eda de Moclinejo Moclinejo, un pueblo blanco de la Axarqu\u00eda malague\u00f1a, es famoso no solo por su belleza [&hellip;]<\/p>\n","protected":false},"author":2,"featured_media":0,"parent":0,"menu_order":0,"comment_status":"closed","ping_status":"closed","template":"","meta":{"_monsterinsights_skip_tracking":false,"_monsterinsights_sitenote_active":false,"_monsterinsights_sitenote_note":"","_monsterinsights_sitenote_category":0,"site-sidebar-layout":"no-sidebar","site-content-layout":"","ast-site-content-layout":"full-width-container","site-content-style":"default","site-sidebar-style":"default","ast-global-header-display":"","ast-banner-title-visibility":"","ast-main-header-display":"","ast-hfb-above-header-display":"","ast-hfb-below-header-display":"","ast-hfb-mobile-header-display":"","site-post-title":"disabled","ast-breadcrumbs-content":"","ast-featured-img":"disabled","footer-sml-layout":"","theme-transparent-header-meta":"","adv-header-id-meta":"","stick-header-meta":"","header-above-stick-meta":"","header-main-stick-meta":"","header-below-stick-meta":"","astra-migrate-meta-layouts":"default","ast-page-background-enabled":"default","ast-page-background-meta":{"desktop":{"background-color":"var(--ast-global-color-4)","background-image":"","background-repeat":"repeat","background-position":"center center","background-size":"auto","background-attachment":"scroll","background-type":"","background-media":"","overlay-type":"","overlay-color":"","overlay-gradient":""},"tablet":{"background-color":"","background-image":"","background-repeat":"repeat","background-position":"center center","background-size":"auto","background-attachment":"scroll","background-type":"","background-media":"","overlay-type":"","overlay-color":"","overlay-gradient":""},"mobile":{"background-color":"","background-image":"","background-repeat":"repeat","background-position":"center center","background-size":"auto","background-attachment":"scroll","background-type":"","background-media":"","overlay-type":"","overlay-color":"","overlay-gradient":""}},"ast-content-background-meta":{"desktop":{"background-color":"var(--ast-global-color-5)","background-image":"","background-repeat":"repeat","background-position":"center center","background-size":"auto","background-attachment":"scroll","background-type":"","background-media":"","overlay-type":"","overlay-color":"","overlay-gradient":""},"tablet":{"background-color":"var(--ast-global-color-5)","background-image":"","background-repeat":"repeat","background-position":"center center","background-size":"auto","background-attachment":"scroll","background-type":"","background-media":"","overlay-type":"","overlay-color":"","overlay-gradient":""},"mobile":{"background-color":"var(--ast-global-color-5)","background-image":"","background-repeat":"repeat","background-position":"center center","background-size":"auto","background-attachment":"scroll","background-type":"","background-media":"","overlay-type":"","overlay-color":"","overlay-gradient":""}},"footnotes":""},"class_list":["post-243","page","type-page","status-publish","hentry"],"aioseo_notices":[],"_links":{"self":[{"href":"https:\/\/www.visitmoclinejo.es\/index.php?rest_route=\/wp\/v2\/pages\/243","targetHints":{"allow":["GET"]}}],"collection":[{"href":"https:\/\/www.visitmoclinejo.es\/index.php?rest_route=\/wp\/v2\/pages"}],"about":[{"href":"https:\/\/www.visitmoclinejo.es\/index.php?rest_route=\/wp\/v2\/types\/page"}],"author":[{"embeddable":true,"href":"https:\/\/www.visitmoclinejo.es\/index.php?rest_route=\/wp\/v2\/users\/2"}],"replies":[{"embeddable":true,"href":"https:\/\/www.visitmoclinejo.es\/index.php?rest_route=%2Fwp%2Fv2%2Fcomments&post=243"}],"version-history":[{"count":19,"href":"https:\/\/www.visitmoclinejo.es\/index.php?rest_route=\/wp\/v2\/pages\/243\/revisions"}],"predecessor-version":[{"id":829,"href":"https:\/\/www.visitmoclinejo.es\/index.php?rest_route=\/wp\/v2\/pages\/243\/revisions\/829"}],"wp:attachment":[{"href":"https:\/\/www.visitmoclinejo.es\/index.php?rest_route=%2Fwp%2Fv2%2Fmedia&parent=243"}],"curies":[{"name":"wp","href":"https:\/\/api.w.org\/{rel}","templated":true}]}}