{"id":277,"date":"2024-03-27T20:32:56","date_gmt":"2024-03-27T19:32:56","guid":{"rendered":"https:\/\/visitmoclinejo.es\/?page_id=277"},"modified":"2024-05-08T18:15:28","modified_gmt":"2024-05-08T16:15:28","slug":"casa-del-ratoncito-perez","status":"publish","type":"page","link":"https:\/\/www.visitmoclinejo.es\/?page_id=277","title":{"rendered":"Casa del Ratoncito P\u00e9rez"},"content":{"rendered":"\t\t<div data-elementor-type=\"wp-page\" data-elementor-id=\"277\" class=\"elementor elementor-277\">\n\t\t\t\t<div class=\"elementor-element elementor-element-ac3c6f5 e-con-full e-flex e-con e-parent\" data-id=\"ac3c6f5\" data-element_type=\"container\" data-settings=\"{&quot;background_background&quot;:&quot;classic&quot;}\">\n\t\t\t\t<div class=\"elementor-element elementor-element-a45b086 elementor-widget__width-inherit elementor-absolute elementor-widget elementor-widget-heading\" data-id=\"a45b086\" data-element_type=\"widget\" data-settings=\"{&quot;_position&quot;:&quot;absolute&quot;}\" data-widget_type=\"heading.default\">\n\t\t\t\t<div class=\"elementor-widget-container\">\n\t\t\t\t\t<p class=\"elementor-heading-title elementor-size-default\">CASA DEL RATONCITO P\u00c9REZ<\/p>\t\t\t\t<\/div>\n\t\t\t\t<\/div>\n\t\t\t\t<\/div>\n\t\t<div class=\"elementor-element elementor-element-36c6112 e-flex e-con-boxed e-con e-parent\" data-id=\"36c6112\" data-element_type=\"container\">\n\t\t\t\t\t<div class=\"e-con-inner\">\n\t\t\t\t<div class=\"elementor-element elementor-element-1ef2108 elementor-widget elementor-widget-heading\" data-id=\"1ef2108\" data-element_type=\"widget\" data-widget_type=\"heading.default\">\n\t\t\t\t<div class=\"elementor-widget-container\">\n\t\t\t\t\t<h1 class=\"elementor-heading-title elementor-size-default\">El pueblo del Ratoncito P\u00e9rez<\/h1>\t\t\t\t<\/div>\n\t\t\t\t<\/div>\n\t\t\t\t<div class=\"elementor-element elementor-element-5a79bd5 elementor-widget elementor-widget-text-editor\" data-id=\"5a79bd5\" data-element_type=\"widget\" data-widget_type=\"text-editor.default\">\n\t\t\t\t<div class=\"elementor-widget-container\">\n\t\t\t\t\t\t\t\t\t<p>En Moclinejo, un pueblo blanco de la Axarqu\u00eda malague\u00f1a situado a 15 minutos de las playas del Rinc\u00f3n de la Victoria, se encuentra un lugar m\u00e1gico que har\u00e1 las delicias de los m\u00e1s peque\u00f1os: la casa del Ratoncito P\u00e9rez. Este personaje tan querido por los ni\u00f1os tiene su hogar en este pintoresco rinc\u00f3n de Andaluc\u00eda, y queremos invitaros a descubrirlo.<\/p>\n<p><strong>La Casa del Ratoncito P\u00e9rez<\/strong><br>La casa del Ratoncito P\u00e9rez es un lugar lleno de encanto y magia. Aqu\u00ed, los ni\u00f1os pueden imaginar c\u00f3mo vive este peque\u00f1o roedor que, seg\u00fan la tradici\u00f3n, visita a los ni\u00f1os que han perdido un diente de leche y lo han dejado debajo de la almohada mientras duermen.<br>La Casa del Ratoncito P\u00e9rez ha sido creada por&nbsp;<span style=\"color: var( --e-global-color-text ); letter-spacing: 0px; text-align: var(--text-align); background-color: var(--ast-global-color-5);\">Chari Ru\u00edz,&nbsp;<\/span><span style=\"font-style: inherit; font-weight: inherit; color: var( --e-global-color-text ); letter-spacing: 0px; text-align: var(--text-align); background-color: var(--ast-global-color-5);\">artesana ceramista local.<\/span><\/p>\n<p><strong>La Ruta del Ratoncito P\u00e9rez<\/strong><br>En Moclinejo, hemos preparado una ruta especial para que los ni\u00f1os puedan seguir las pistas y encontrar la casa del Ratoncito P\u00e9rez. Este recorrido est\u00e1 pensado para entretener a los m\u00e1s peque\u00f1os y hacer que su visita a Moclinejo sea una aventura inolvidable.<\/p>\n<p>La ruta comienza en el centro del pueblo y se extiende por sus calles empedradas, pasando por lugares de inter\u00e9s y rincones llenos de encanto. En cada parada, los ni\u00f1os encontrar\u00e1n pistas que les ayudar\u00e1n a encontrar la casa del Ratoncito P\u00e9rez.<\/p>\n<p><strong>Moclinejo: Un Destino para Toda la Familia<br><\/strong>Moclinejo no solo es el hogar del Ratoncito P\u00e9rez. Este hermoso pueblo andaluz ofrece una gran variedad de actividades para toda la familia. Desde rutas de senderismo por la naturaleza hasta la degustaci\u00f3n de los deliciosos vinos locales, hay algo para todos en Moclinejo.<\/p>\n<p>As\u00ed que, \u00bfpor qu\u00e9 no planificar tu pr\u00f3xima escapada familiar a Moclinejo? Ven a descubrir la casa del Ratoncito P\u00e9rez y a disfrutar de todo lo que este maravilloso pueblo tiene para ofrecer.<\/p>\n<p>\u00a1Te esperamos con los brazos abiertos!<\/p>\t\t\t\t\t\t\t\t<\/div>\n\t\t\t\t<\/div>\n\t\t\t\t\t<\/div>\n\t\t\t\t<\/div>\n\t\t<div class=\"elementor-element elementor-element-5159448 e-flex e-con-boxed e-con e-parent\" data-id=\"5159448\" data-element_type=\"container\">\n\t\t\t\t\t<div class=\"e-con-inner\">\n\t\t\t\t<div class=\"elementor-element elementor-element-474f99a elementor-widget elementor-widget-image\" data-id=\"474f99a\" data-element_type=\"widget\" data-widget_type=\"image.default\">\n\t\t\t\t<div class=\"elementor-widget-container\">\n\t\t\t\t\t\t\t\t\t\t\t\t\t\t\t<img fetchpriority=\"high\" decoding=\"async\" width=\"768\" height=\"960\" src=\"https:\/\/www.visitmoclinejo.es\/wp-content\/uploads\/2024\/05\/Casa-ratoncito-perez-768x960.jpg\" class=\"attachment-medium_large size-medium_large wp-image-500\" alt=\"Fachada de la casa del Ratoncito P\u00e9rez en el pueblo malague\u00f1o de Moclinejo\" srcset=\"https:\/\/www.visitmoclinejo.es\/wp-content\/uploads\/2024\/05\/Casa-ratoncito-perez-768x960.jpg 768w, https:\/\/www.visitmoclinejo.es\/wp-content\/uploads\/2024\/05\/Casa-ratoncito-perez-240x300.jpg 240w, https:\/\/www.visitmoclinejo.es\/wp-content\/uploads\/2024\/05\/Casa-ratoncito-perez-819x1024.jpg 819w, https:\/\/www.visitmoclinejo.es\/wp-content\/uploads\/2024\/05\/Casa-ratoncito-perez-1229x1536.jpg 1229w, https:\/\/www.visitmoclinejo.es\/wp-content\/uploads\/2024\/05\/Casa-ratoncito-perez.jpg 1600w\" sizes=\"(max-width: 768px) 100vw, 768px\" \/>\t\t\t\t\t\t\t\t\t\t\t\t\t\t\t<\/div>\n\t\t\t\t<\/div>\n\t\t\t\t\t<\/div>\n\t\t\t\t<\/div>\n\t\t\t\t<\/div>\n\t\t","protected":false},"excerpt":{"rendered":"<p>CASA DEL RATONCITO P\u00c9REZ El pueblo del Ratoncito P\u00e9rez En Moclinejo, un pueblo blanco de la Axarqu\u00eda malague\u00f1a situado a [&hellip;]<\/p>\n","protected":false},"author":2,"featured_media":0,"parent":0,"menu_order":0,"comment_status":"closed","ping_status":"closed","template":"","meta":{"_monsterinsights_skip_tracking":false,"_monsterinsights_sitenote_active":false,"_monsterinsights_sitenote_note":"","_monsterinsights_sitenote_category":0,"site-sidebar-layout":"no-sidebar","site-content-layout":"","ast-site-content-layout":"full-width-container","site-content-style":"default","site-sidebar-style":"default","ast-global-header-display":"","ast-banner-title-visibility":"","ast-main-header-display":"","ast-hfb-above-header-display":"","ast-hfb-below-header-display":"","ast-hfb-mobile-header-display":"","site-post-title":"disabled","ast-breadcrumbs-content":"","ast-featured-img":"disabled","footer-sml-layout":"","theme-transparent-header-meta":"","adv-header-id-meta":"","stick-header-meta":"","header-above-stick-meta":"","header-main-stick-meta":"","header-below-stick-meta":"","astra-migrate-meta-layouts":"default","ast-page-background-enabled":"default","ast-page-background-meta":{"desktop":{"background-color":"var(--ast-global-color-4)","background-image":"","background-repeat":"repeat","background-position":"center center","background-size":"auto","background-attachment":"scroll","background-type":"","background-media":"","overlay-type":"","overlay-color":"","overlay-gradient":""},"tablet":{"background-color":"","background-image":"","background-repeat":"repeat","background-position":"center center","background-size":"auto","background-attachment":"scroll","background-type":"","background-media":"","overlay-type":"","overlay-color":"","overlay-gradient":""},"mobile":{"background-color":"","background-image":"","background-repeat":"repeat","background-position":"center center","background-size":"auto","background-attachment":"scroll","background-type":"","background-media":"","overlay-type":"","overlay-color":"","overlay-gradient":""}},"ast-content-background-meta":{"desktop":{"background-color":"var(--ast-global-color-5)","background-image":"","background-repeat":"repeat","background-position":"center center","background-size":"auto","background-attachment":"scroll","background-type":"","background-media":"","overlay-type":"","overlay-color":"","overlay-gradient":""},"tablet":{"background-color":"var(--ast-global-color-5)","background-image":"","background-repeat":"repeat","background-position":"center center","background-size":"auto","background-attachment":"scroll","background-type":"","background-media":"","overlay-type":"","overlay-color":"","overlay-gradient":""},"mobile":{"background-color":"var(--ast-global-color-5)","background-image":"","background-repeat":"repeat","background-position":"center center","background-size":"auto","background-attachment":"scroll","background-type":"","background-media":"","overlay-type":"","overlay-color":"","overlay-gradient":""}},"footnotes":""},"class_list":["post-277","page","type-page","status-publish","hentry"],"aioseo_notices":[],"_links":{"self":[{"href":"https:\/\/www.visitmoclinejo.es\/index.php?rest_route=\/wp\/v2\/pages\/277","targetHints":{"allow":["GET"]}}],"collection":[{"href":"https:\/\/www.visitmoclinejo.es\/index.php?rest_route=\/wp\/v2\/pages"}],"about":[{"href":"https:\/\/www.visitmoclinejo.es\/index.php?rest_route=\/wp\/v2\/types\/page"}],"author":[{"embeddable":true,"href":"https:\/\/www.visitmoclinejo.es\/index.php?rest_route=\/wp\/v2\/users\/2"}],"replies":[{"embeddable":true,"href":"https:\/\/www.visitmoclinejo.es\/index.php?rest_route=%2Fwp%2Fv2%2Fcomments&post=277"}],"version-history":[{"count":16,"href":"https:\/\/www.visitmoclinejo.es\/index.php?rest_route=\/wp\/v2\/pages\/277\/revisions"}],"predecessor-version":[{"id":651,"href":"https:\/\/www.visitmoclinejo.es\/index.php?rest_route=\/wp\/v2\/pages\/277\/revisions\/651"}],"wp:attachment":[{"href":"https:\/\/www.visitmoclinejo.es\/index.php?rest_route=%2Fwp%2Fv2%2Fmedia&parent=277"}],"curies":[{"name":"wp","href":"https:\/\/api.w.org\/{rel}","templated":true}]}}