{"id":319,"date":"2024-03-27T20:48:22","date_gmt":"2024-03-27T19:48:22","guid":{"rendered":"https:\/\/visitmoclinejo.es\/?page_id=319"},"modified":"2024-05-08T18:10:58","modified_gmt":"2024-05-08T16:10:58","slug":"turismo-activo-en-moclinejo","status":"publish","type":"page","link":"https:\/\/www.visitmoclinejo.es\/?page_id=319","title":{"rendered":"Turismo activo en Moclinejo"},"content":{"rendered":"\t\t<div data-elementor-type=\"wp-page\" data-elementor-id=\"319\" class=\"elementor elementor-319\">\n\t\t\t\t<div class=\"elementor-element elementor-element-0b759f4 e-con-full e-flex e-con e-parent\" data-id=\"0b759f4\" data-element_type=\"container\" data-settings=\"{&quot;background_background&quot;:&quot;classic&quot;}\">\n\t\t\t\t<div class=\"elementor-element elementor-element-570ab3f elementor-widget__width-inherit elementor-absolute elementor-widget elementor-widget-heading\" data-id=\"570ab3f\" data-element_type=\"widget\" data-settings=\"{&quot;_position&quot;:&quot;absolute&quot;}\" data-widget_type=\"heading.default\">\n\t\t\t\t<div class=\"elementor-widget-container\">\n\t\t\t\t\t<p class=\"elementor-heading-title elementor-size-default\">TURISMO ACTIVO<\/p>\t\t\t\t<\/div>\n\t\t\t\t<\/div>\n\t\t\t\t<\/div>\n\t\t<div class=\"elementor-element elementor-element-849f081 e-flex e-con-boxed e-con e-parent\" data-id=\"849f081\" data-element_type=\"container\">\n\t\t\t\t\t<div class=\"e-con-inner\">\n\t\t\t\t<div class=\"elementor-element elementor-element-ea36790 elementor-widget elementor-widget-heading\" data-id=\"ea36790\" data-element_type=\"widget\" data-widget_type=\"heading.default\">\n\t\t\t\t<div class=\"elementor-widget-container\">\n\t\t\t\t\t<h1 class=\"elementor-heading-title elementor-size-default\">Turismo activo en Moclinejo<\/h1>\t\t\t\t<\/div>\n\t\t\t\t<\/div>\n\t\t\t\t\t<\/div>\n\t\t\t\t<\/div>\n\t\t<div class=\"elementor-element elementor-element-de3d0bc e-flex e-con-boxed e-con e-parent\" data-id=\"de3d0bc\" data-element_type=\"container\">\n\t\t\t\t\t<div class=\"e-con-inner\">\n\t\t\t\t<div class=\"elementor-element elementor-element-7a5c3ea elementor-widget elementor-widget-text-editor\" data-id=\"7a5c3ea\" data-element_type=\"widget\" data-widget_type=\"text-editor.default\">\n\t\t\t\t<div class=\"elementor-widget-container\">\n\t\t\t\t\t\t\t\t\t<p>Moclinejo es el destino perfecto para los amantes del turismo activo. Rodeado de impresionantes paisajes naturales, Moclinejo ofrece una amplia gama de actividades para los visitantes m\u00e1s aventureros.<\/p><p>Para los amantes del <strong>senderismo<\/strong>, Moclinejo est\u00e1 rodeado de numerosas rutas que recorren los vi\u00f1edos, olivares y monta\u00f1as de la regi\u00f3n. Estas rutas ofrecen impresionantes vistas panor\u00e1micas y la oportunidad de descubrir la flora y fauna local.\u00a0<br \/>Descubre <a href=\"https:\/\/www.visitmoclinejo.es\/senderismo-en-moclinejo\/\" target=\"_blank\" rel=\"noopener\">aqu\u00ed<\/a> las rutas senderismo de Moclinejo<\/p><p>Tambi\u00e9n puedes contratar una ruta en buggy por los caminos de Moclinejo con la empresa <a href=\"https:\/\/buggy.malaga-online.com\/es\/\" target=\"_blank\" rel=\"noopener\">Buggy M\u00e1laga<\/a> donde los visitantes pueden explorar la belleza natural de la zona de una manera emocionante y m\u00e1s aventurera.<\/p><p>Si prefieres el ciclismo, los amantes de la <strong>bicicleta de monta\u00f1a<\/strong> tienen numerosos carriles por descubrir y en la modalidad de <strong>ciclismo por carretera<\/strong> Moclinejo se encuentra en una popular ruta ciclista. Los caminos son exigentes, pero merece la pena por las vistas tan impresionantes a toda la Comarca de la Axarqu\u00eda y la costa de M\u00e1laga.<\/p><p>Para aquellos que buscan una experiencia m\u00e1s relajada, Moclinejo ofrece <strong>rutas de vino<\/strong>. Estas rutas te llevar\u00e1n a trav\u00e9s de los vi\u00f1edos locales, donde podr\u00e1s aprender sobre el proceso de vinificaci\u00f3n y degustar los deliciosos vinos y pasas de la regi\u00f3n.<br \/>Para contratar estas rutas, contactar con la <a href=\"https:\/\/www.dimobe.es\/es\/content\/8-enoturismo\" target=\"_blank\" rel=\"noopener\">bodega Antonio Mu\u00f1oz Cabrera<\/a><\/p><p>Pero Moclinejo no es solo para los amantes de la naturaleza y el vino. El pueblo tambi\u00e9n ofrece una variedad de <strong>actividades culturales<\/strong>, como visitas a su iglesia, al Centro de Estudios de la Pasa de la Axarqu\u00eda (CEPA), a la Casa Museo Axarqu\u00eda y una ruta guiada que te llevar\u00e1 por los diferentes puntos de inter\u00e9s de Moclinejo. Haz click aqu\u00ed para descubrir la ruta guiada de Moclinejo.<\/p><p>As\u00ed que, ya sea que te guste el senderismo, el ciclismo, el vino o la cultura, Moclinejo tiene algo para ti. Ven y descubre por ti mismo lo que hace de este pueblo un destino de turismo activo tan especial.<\/p>\t\t\t\t\t\t\t\t<\/div>\n\t\t\t\t<\/div>\n\t\t\t\t\t<\/div>\n\t\t\t\t<\/div>\n\t\t<div class=\"elementor-element elementor-element-593aae0 e-flex e-con-boxed e-con e-parent\" data-id=\"593aae0\" data-element_type=\"container\">\n\t\t\t\t\t<div class=\"e-con-inner\">\n\t\t\t\t<div class=\"elementor-element elementor-element-7cb2361 elementor-widget elementor-widget-image\" data-id=\"7cb2361\" data-element_type=\"widget\" data-widget_type=\"image.default\">\n\t\t\t\t<div class=\"elementor-widget-container\">\n\t\t\t\t\t\t\t\t\t\t\t\t\t\t\t<img fetchpriority=\"high\" decoding=\"async\" width=\"1024\" height=\"682\" src=\"https:\/\/www.visitmoclinejo.es\/wp-content\/uploads\/2024\/05\/senderismo-moclinejo-9-1024x682.jpg\" class=\"attachment-large size-large wp-image-528\" alt=\"Vista a\u00e9rea de la pedan\u00eda de El Vald\u00e9s y sus alrededores al atardecer\" srcset=\"https:\/\/www.visitmoclinejo.es\/wp-content\/uploads\/2024\/05\/senderismo-moclinejo-9-1024x682.jpg 1024w, https:\/\/www.visitmoclinejo.es\/wp-content\/uploads\/2024\/05\/senderismo-moclinejo-9-300x200.jpg 300w, https:\/\/www.visitmoclinejo.es\/wp-content\/uploads\/2024\/05\/senderismo-moclinejo-9-768x512.jpg 768w, https:\/\/www.visitmoclinejo.es\/wp-content\/uploads\/2024\/05\/senderismo-moclinejo-9.jpg 1229w\" sizes=\"(max-width: 1024px) 100vw, 1024px\" \/>\t\t\t\t\t\t\t\t\t\t\t\t\t\t\t<\/div>\n\t\t\t\t<\/div>\n\t\t\t\t\t<\/div>\n\t\t\t\t<\/div>\n\t\t\t\t<\/div>\n\t\t","protected":false},"excerpt":{"rendered":"<p>TURISMO ACTIVO Turismo activo en Moclinejo Moclinejo es el destino perfecto para los amantes del turismo activo. Rodeado de impresionantes [&hellip;]<\/p>\n","protected":false},"author":2,"featured_media":0,"parent":0,"menu_order":0,"comment_status":"closed","ping_status":"closed","template":"","meta":{"_monsterinsights_skip_tracking":false,"_monsterinsights_sitenote_active":false,"_monsterinsights_sitenote_note":"","_monsterinsights_sitenote_category":0,"site-sidebar-layout":"no-sidebar","site-content-layout":"","ast-site-content-layout":"full-width-container","site-content-style":"default","site-sidebar-style":"default","ast-global-header-display":"","ast-banner-title-visibility":"","ast-main-header-display":"","ast-hfb-above-header-display":"","ast-hfb-below-header-display":"","ast-hfb-mobile-header-display":"","site-post-title":"disabled","ast-breadcrumbs-content":"","ast-featured-img":"disabled","footer-sml-layout":"","theme-transparent-header-meta":"","adv-header-id-meta":"","stick-header-meta":"","header-above-stick-meta":"","header-main-stick-meta":"","header-below-stick-meta":"","astra-migrate-meta-layouts":"default","ast-page-background-enabled":"default","ast-page-background-meta":{"desktop":{"background-color":"var(--ast-global-color-4)","background-image":"","background-repeat":"repeat","background-position":"center center","background-size":"auto","background-attachment":"scroll","background-type":"","background-media":"","overlay-type":"","overlay-color":"","overlay-gradient":""},"tablet":{"background-color":"","background-image":"","background-repeat":"repeat","background-position":"center center","background-size":"auto","background-attachment":"scroll","background-type":"","background-media":"","overlay-type":"","overlay-color":"","overlay-gradient":""},"mobile":{"background-color":"","background-image":"","background-repeat":"repeat","background-position":"center center","background-size":"auto","background-attachment":"scroll","background-type":"","background-media":"","overlay-type":"","overlay-color":"","overlay-gradient":""}},"ast-content-background-meta":{"desktop":{"background-color":"var(--ast-global-color-5)","background-image":"","background-repeat":"repeat","background-position":"center center","background-size":"auto","background-attachment":"scroll","background-type":"","background-media":"","overlay-type":"","overlay-color":"","overlay-gradient":""},"tablet":{"background-color":"var(--ast-global-color-5)","background-image":"","background-repeat":"repeat","background-position":"center center","background-size":"auto","background-attachment":"scroll","background-type":"","background-media":"","overlay-type":"","overlay-color":"","overlay-gradient":""},"mobile":{"background-color":"var(--ast-global-color-5)","background-image":"","background-repeat":"repeat","background-position":"center center","background-size":"auto","background-attachment":"scroll","background-type":"","background-media":"","overlay-type":"","overlay-color":"","overlay-gradient":""}},"footnotes":""},"class_list":["post-319","page","type-page","status-publish","hentry"],"aioseo_notices":[],"_links":{"self":[{"href":"https:\/\/www.visitmoclinejo.es\/index.php?rest_route=\/wp\/v2\/pages\/319","targetHints":{"allow":["GET"]}}],"collection":[{"href":"https:\/\/www.visitmoclinejo.es\/index.php?rest_route=\/wp\/v2\/pages"}],"about":[{"href":"https:\/\/www.visitmoclinejo.es\/index.php?rest_route=\/wp\/v2\/types\/page"}],"author":[{"embeddable":true,"href":"https:\/\/www.visitmoclinejo.es\/index.php?rest_route=\/wp\/v2\/users\/2"}],"replies":[{"embeddable":true,"href":"https:\/\/www.visitmoclinejo.es\/index.php?rest_route=%2Fwp%2Fv2%2Fcomments&post=319"}],"version-history":[{"count":13,"href":"https:\/\/www.visitmoclinejo.es\/index.php?rest_route=\/wp\/v2\/pages\/319\/revisions"}],"predecessor-version":[{"id":642,"href":"https:\/\/www.visitmoclinejo.es\/index.php?rest_route=\/wp\/v2\/pages\/319\/revisions\/642"}],"wp:attachment":[{"href":"https:\/\/www.visitmoclinejo.es\/index.php?rest_route=%2Fwp%2Fv2%2Fmedia&parent=319"}],"curies":[{"name":"wp","href":"https:\/\/api.w.org\/{rel}","templated":true}]}}