{"id":717,"date":"2024-05-09T15:35:43","date_gmt":"2024-05-09T13:35:43","guid":{"rendered":"https:\/\/visitmoclinejo.es\/?page_id=717"},"modified":"2024-05-09T17:50:34","modified_gmt":"2024-05-09T15:50:34","slug":"politica-privacidad-2","status":"publish","type":"page","link":"https:\/\/www.visitmoclinejo.es\/?page_id=717","title":{"rendered":"Pol\u00edtica de privacidad"},"content":{"rendered":"\t\t<div data-elementor-type=\"wp-page\" data-elementor-id=\"717\" class=\"elementor elementor-717\">\n\t\t\t\t<div class=\"elementor-element elementor-element-dda4a1f e-flex e-con-boxed e-con e-parent\" data-id=\"dda4a1f\" data-element_type=\"container\">\n\t\t\t\t\t<div class=\"e-con-inner\">\n\t\t\t\t<div class=\"elementor-element elementor-element-15699ef elementor-widget elementor-widget-heading\" data-id=\"15699ef\" data-element_type=\"widget\" data-widget_type=\"heading.default\">\n\t\t\t\t<div class=\"elementor-widget-container\">\n\t\t\t\t\t<h1 class=\"elementor-heading-title elementor-size-default\">Pol\u00edtica de privacidad<\/h1>\t\t\t\t<\/div>\n\t\t\t\t<\/div>\n\t\t\t\t<div class=\"elementor-element elementor-element-ea4c3a4 elementor-widget elementor-widget-text-editor\" data-id=\"ea4c3a4\" data-element_type=\"widget\" data-widget_type=\"text-editor.default\">\n\t\t\t\t<div class=\"elementor-widget-container\">\n\t\t\t\t\t\t\t\t\t<div><div class=\"nH\"><div class=\"nH\"><div class=\"nH aqk aql bkL\"><div class=\"nH bkK\"><div class=\"nH\"><div class=\"nH ar4 z\"><div class=\"aeI\"><div class=\"AO\"><div id=\":3\" class=\"Tm aeJ\"><div id=\":1\" class=\"aeF\"><div class=\"nH\"><div class=\"nH\" role=\"main\"><div class=\"nH g\"><div class=\"nH a98 iY\"><div class=\"nH\"><div class=\"aHU hx\"><div role=\"list\"><div class=\"h7 ie\" tabindex=\"-1\" role=\"listitem\" aria-expanded=\"true\"><div class=\"Bk\"><div class=\"G3 G2\"><div><div id=\":p3\"><div class=\"adn ads\" data-message-id=\"#msg-f:1798482126943583795\" data-legacy-message-id=\"18f57df7375c7e33\"><div class=\"gs\"><div class=\"\"><div id=\":qs\" class=\"ii gt\"><div id=\":qo\" class=\"a3s aiL \"><div dir=\"ltr\"><p><strong>PROTECCI\u00d3N DE DATOS DE CAR\u00c1CTER PERSONAL Y SEGURIDAD DE LA INFORMACI\u00d3N<\/strong><\/p><p><strong>MARCOS NORMATIVOS<\/strong><\/p><p>El Ayuntamiento de Moclinejo se rige en materia de protecci\u00f3n de datos de car\u00e1cter personal y seguridad de la informaci\u00f3n, principalmente, por los siguientes marcos normativos:<\/p><p>Reglamento (UE) 2016\/679 del Parlamento Europeo y del Consejo, de 27 de abril de 2016, relativo a la protecci\u00f3n de las personas f\u00edsicas en lo que respecta al tratamiento de sus datos personales y a la libre circulaci\u00f3n de estos datos (RGPD en adelante).<\/p><p>Ley Org\u00e1nica 3\/2018 de 5 de diciembre, de Protecci\u00f3n de Datos de Car\u00e1cter Personal y garant\u00eda de los derechos digitales (LOPDGDD en adelante).<\/p><p>Real Decreto 3\/2010 de 8 de diciembre. Esquema Nacional de Seguridad (ENS en adelante).<\/p><p>Real Decreto 951\/2015, de 23 de octubre, de modificaci\u00f3n del Real Decreto 3\/2010, de 8 de enero, por el que se regula el Esquema Nacional de Seguridad en el \u00e1mbito de la Administraci\u00f3n Electr\u00f3nica.<\/p><p>Desarrollos reglamentarios, instrucciones, directivas, normas y est\u00e1ndares vigentes en cada momento sobre protecci\u00f3n de datos de car\u00e1cter personal y seguridad de la informaci\u00f3n.<\/p><p>En base a la Disposici\u00f3n adicional primera de LOPDGDD -Medidas de seguridad en el \u00e1mbito del sector p\u00fablico- este Ayuntamiento adopta el Esquema Nacional de Seguridad como marco normativo de referencia en materia de medidas de seguridad aplicables en LOPDGDD, adicionalmente a su propia aplicabilidad general sobre los servicios e informaciones del Ayuntamiento, traten o no datos de car\u00e1cter personal.<\/p><p><strong>PROTECCI\u00d3N DE DATOS DE CAR\u00c1CTER PERSONAL<\/strong><\/p><p>\u2013 Ley Org\u00e1nica 3\/2018 de 5 de diciembre<\/p><p>Responsable del Tratamiento<\/p><p>Ayuntamiento de Moclinejo\u00a0\u00a0 \u00a0 \u00a0 \u00a0 \u00a0 \u00a0<\/p><p>NIF: P2907100H<\/p><p>Domicilio: Plaza Espa\u00f1a, 1, 29738 Moclinejo<\/p><p>Correo:\u00a0<a href=\"mailto:informacion@moclinejo.es\" target=\"_blank\" rel=\"noopener\">informacion@moclinejo.es<\/a><\/p><p>Tel\u00e9fono: 952400586<\/p><p>Delegado de Protecci\u00f3n de Datos<\/p><p>Correo electr\u00f3nico:\u00a0<a href=\"mailto:visitmoclinejo@gmail.com\" target=\"_blank\" rel=\"noopener\">visitmoclinejo@gmail.com<\/a><\/p><p>Correo postal: Carta (recomendable certificada, no obligatorio) dirigida al Ayuntamiento de Moclinejo, Registro de Entrada, Plaza Espa\u00f1a, 1, 29738 Moclinejo, indicando \u201cDelegado de Protecci\u00f3n de Datos\u201d.<\/p><p><strong>Finalidades<\/strong><\/p><p>Gesti\u00f3n de los procedimientos administrativos y actividades realizadas por el Ayuntamiento en el ejercicio de sus competencias y obligaciones.<\/p><p>No se toman decisiones automatizadas en base a perfiles.<\/p><p><strong>Conservaci\u00f3n de los datos<\/strong><\/p><p>Sus datos ser\u00e1n conservados durante el periodo establecido por el tratamiento, la legislaci\u00f3n aplicable y los requerimientos aplicables a la conservaci\u00f3n de informaci\u00f3n por parte de la Administraci\u00f3n P\u00fablica.<\/p><p><strong>Legitimaci\u00f3n \/ Bases jur\u00eddicas aplicables<\/strong><\/p><p>Los diferentes procedimientos y actividades municipales conllevan tratamientos basados en diferentes bases jur\u00eddicas enumeradas en el RGPD:<\/p><p>Consentimiento de la persona interesada, cuando se requiera.<\/p><p><strong>Relaci\u00f3n contractual.<\/strong><\/p><p>Intereses vitales del interesado o de otras personas.<\/p><p>Ejercicio de poderes p\u00fablicos conferidos al responsable del tratamiento y\/o cumplimiento de una obligaci\u00f3n legal aplicable al responsable del tratamiento.<\/p><p>Desarrollo de las competencias municipales conferidas por la legislaci\u00f3n estatal y auton\u00f3mica reguladora del r\u00e9gimen local.<\/p><p><strong>Legislaci\u00f3n significativa b\u00e1sica<\/strong><\/p><p>Ley 7\/1985, de 2 de abril, Reguladora de las Bases del R\u00e9gimen Local.<\/p><p>Ley 39\/2015, de 1 de octubre, del Procedimiento Administrativo Com\u00fan de las Administraciones P\u00fablicas.<\/p><p>Ley 40\/2015 de 1 de octubre, de R\u00e9gimen Jur\u00eddico del Sector P\u00fablico.<\/p><p>Legislaci\u00f3n espec\u00edfica de los servicios municipales. Depende de cada tratamiento.<\/p><p>Las bases jur\u00eddicas 4 y 5 recogen la pr\u00e1ctica totalidad de los tratamientos municipales, pero el resto pueden ser legitimantes y\/o complementarias en tratamientos concretos, en los que se indicar\u00e1 espec\u00edficamente esta circunstancia en su formulario (instancia de parte) o en su comunicaci\u00f3n (de oficio).<\/p><p><strong>Destinatarios<\/strong><\/p><p>Sus datos podr\u00e1n ser comunicados a las entidades p\u00fablicas y\/o privadas competentes, intervinientes o necesarias para la tramitaci\u00f3n de los procedimientos y\/o gesti\u00f3n de las actividades municipales, y en los supuestos previstos por la Ley.<\/p><p><strong>Derechos<\/strong><\/p><p>Usted puede ejercer sus derechos de acceso, rectificaci\u00f3n, supresi\u00f3n, oposici\u00f3n, limitaci\u00f3n del tratamiento, portabilidad y (en su caso) retirada del consentimiento prestado. Asimismo, Vd. puede dirigirse a la Autoridad de Control para reclamar sus derechos.<\/p><p>Para ejercer estos derechos, Vd. debe dirigir una solicitud al Ayuntamiento de Moclinejo, Registro de Entrada, Plaza Espa\u00f1a, 1, 29738 Moclinejo, indicando \u201cDelegado de Protecci\u00f3n de Datos\u201d.<\/p><p>Esta solicitud puede realizarla mediante:<\/p><p>Correo ordinario. Recomendado (no obligatorio) correo certificado.<\/p><p>Instancia presencial o en Sede Electr\u00f3nica.<\/p><p>Correo electr\u00f3nico dirigido a:\u00a0<a href=\"mailto:visitmoclinejo@gmail.com\" target=\"_blank\" rel=\"noopener\">visitmoclinejo@gmail.com<\/a><\/p><p>En todos los casos, el Ayuntamiento debe verificar su identidad como titular de los datos. Para esta verificaci\u00f3n, Vd. puede elegir entre estas dos opciones:<\/p><p>Aportar fotocopia de un documento acreditativo de su identidad (DNI, NIE, Pasaporte).<\/p><p>Expresar su consentimiento para que el Ayuntamiento pueda verificar su identidad de forma telem\u00e1tica (innecesario en caso de instancia presentada en Sede Electr\u00f3nica), para lo cual debe indicar su nombre y apellidos, el tipo de documento para la consulta (DNI, NIE) y su n\u00famero. En caso de indisponibilidad de los servicios telem\u00e1ticos, Vd. deber\u00e1 aportar fotocopia del documento acreditativo de su identidad.<\/p><p><strong>Transferencias internacionales<\/strong><\/p><p>No se realizan transferencias internacionales de datos. En casos puntuales donde fuera necesario, se solicitar\u00e1 la correspondiente autorizaci\u00f3n a la Autoridad de Control.<\/p><\/div><\/div><\/div><\/div><\/div><\/div><\/div><\/div><\/div><\/div><\/div><\/div><\/div><\/div><\/div><\/div><\/div><\/div><\/div><\/div><\/div><\/div><\/div><\/div><\/div><\/div><\/div><\/div><\/div>\t\t\t\t\t\t\t\t<\/div>\n\t\t\t\t<\/div>\n\t\t\t\t\t<\/div>\n\t\t\t\t<\/div>\n\t\t\t\t<\/div>\n\t\t","protected":false},"excerpt":{"rendered":"<p>Pol\u00edtica de privacidad PROTECCI\u00d3N DE DATOS DE CAR\u00c1CTER PERSONAL Y SEGURIDAD DE LA INFORMACI\u00d3N MARCOS NORMATIVOS El Ayuntamiento de Moclinejo [&hellip;]<\/p>\n","protected":false},"author":2,"featured_media":0,"parent":0,"menu_order":0,"comment_status":"closed","ping_status":"closed","template":"","meta":{"_monsterinsights_skip_tracking":false,"_monsterinsights_sitenote_active":false,"_monsterinsights_sitenote_note":"","_monsterinsights_sitenote_category":0,"site-sidebar-layout":"no-sidebar","site-content-layout":"","ast-site-content-layout":"full-width-container","site-content-style":"default","site-sidebar-style":"default","ast-global-header-display":"","ast-banner-title-visibility":"","ast-main-header-display":"","ast-hfb-above-header-display":"","ast-hfb-below-header-display":"","ast-hfb-mobile-header-display":"","site-post-title":"disabled","ast-breadcrumbs-content":"","ast-featured-img":"disabled","footer-sml-layout":"","theme-transparent-header-meta":"","adv-header-id-meta":"","stick-header-meta":"","header-above-stick-meta":"","header-main-stick-meta":"","header-below-stick-meta":"","astra-migrate-meta-layouts":"default","ast-page-background-enabled":"default","ast-page-background-meta":{"desktop":{"background-color":"var(--ast-global-color-4)","background-image":"","background-repeat":"repeat","background-position":"center center","background-size":"auto","background-attachment":"scroll","background-type":"","background-media":"","overlay-type":"","overlay-color":"","overlay-gradient":""},"tablet":{"background-color":"","background-image":"","background-repeat":"repeat","background-position":"center center","background-size":"auto","background-attachment":"scroll","background-type":"","background-media":"","overlay-type":"","overlay-color":"","overlay-gradient":""},"mobile":{"background-color":"","background-image":"","background-repeat":"repeat","background-position":"center center","background-size":"auto","background-attachment":"scroll","background-type":"","background-media":"","overlay-type":"","overlay-color":"","overlay-gradient":""}},"ast-content-background-meta":{"desktop":{"background-color":"var(--ast-global-color-5)","background-image":"","background-repeat":"repeat","background-position":"center center","background-size":"auto","background-attachment":"scroll","background-type":"","background-media":"","overlay-type":"","overlay-color":"","overlay-gradient":""},"tablet":{"background-color":"var(--ast-global-color-5)","background-image":"","background-repeat":"repeat","background-position":"center center","background-size":"auto","background-attachment":"scroll","background-type":"","background-media":"","overlay-type":"","overlay-color":"","overlay-gradient":""},"mobile":{"background-color":"var(--ast-global-color-5)","background-image":"","background-repeat":"repeat","background-position":"center center","background-size":"auto","background-attachment":"scroll","background-type":"","background-media":"","overlay-type":"","overlay-color":"","overlay-gradient":""}},"footnotes":""},"class_list":["post-717","page","type-page","status-publish","hentry"],"aioseo_notices":[],"_links":{"self":[{"href":"https:\/\/www.visitmoclinejo.es\/index.php?rest_route=\/wp\/v2\/pages\/717","targetHints":{"allow":["GET"]}}],"collection":[{"href":"https:\/\/www.visitmoclinejo.es\/index.php?rest_route=\/wp\/v2\/pages"}],"about":[{"href":"https:\/\/www.visitmoclinejo.es\/index.php?rest_route=\/wp\/v2\/types\/page"}],"author":[{"embeddable":true,"href":"https:\/\/www.visitmoclinejo.es\/index.php?rest_route=\/wp\/v2\/users\/2"}],"replies":[{"embeddable":true,"href":"https:\/\/www.visitmoclinejo.es\/index.php?rest_route=%2Fwp%2Fv2%2Fcomments&post=717"}],"version-history":[{"count":7,"href":"https:\/\/www.visitmoclinejo.es\/index.php?rest_route=\/wp\/v2\/pages\/717\/revisions"}],"predecessor-version":[{"id":767,"href":"https:\/\/www.visitmoclinejo.es\/index.php?rest_route=\/wp\/v2\/pages\/717\/revisions\/767"}],"wp:attachment":[{"href":"https:\/\/www.visitmoclinejo.es\/index.php?rest_route=%2Fwp%2Fv2%2Fmedia&parent=717"}],"curies":[{"name":"wp","href":"https:\/\/api.w.org\/{rel}","templated":true}]}}