{"id":720,"date":"2024-05-09T15:38:04","date_gmt":"2024-05-09T13:38:04","guid":{"rendered":"https:\/\/visitmoclinejo.es\/?page_id=720"},"modified":"2024-05-09T17:49:24","modified_gmt":"2024-05-09T15:49:24","slug":"politica-accesibilidad","status":"publish","type":"page","link":"https:\/\/www.visitmoclinejo.es\/?page_id=720","title":{"rendered":"Pol\u00edtica de accesibilidad"},"content":{"rendered":"\t\t<div data-elementor-type=\"wp-page\" data-elementor-id=\"720\" class=\"elementor elementor-720\">\n\t\t\t\t<div class=\"elementor-element elementor-element-519fc5b e-flex e-con-boxed e-con e-parent\" data-id=\"519fc5b\" data-element_type=\"container\">\n\t\t\t\t\t<div class=\"e-con-inner\">\n\t\t\t\t<div class=\"elementor-element elementor-element-814e695 elementor-widget elementor-widget-heading\" data-id=\"814e695\" data-element_type=\"widget\" data-widget_type=\"heading.default\">\n\t\t\t\t<div class=\"elementor-widget-container\">\n\t\t\t\t\t<h1 class=\"elementor-heading-title elementor-size-default\">Pol\u00edtica de accesibilidad<\/h1>\t\t\t\t<\/div>\n\t\t\t\t<\/div>\n\t\t\t\t<div class=\"elementor-element elementor-element-a11604e elementor-widget elementor-widget-text-editor\" data-id=\"a11604e\" data-element_type=\"widget\" data-widget_type=\"text-editor.default\">\n\t\t\t\t<div class=\"elementor-widget-container\">\n\t\t\t\t\t\t\t\t\t<div class=\"nH\"><div class=\"nH\"><div class=\"nH aqk aql bkL\"><div class=\"nH bkK\"><div class=\"nH\"><div class=\"nH ar4 z\"><div class=\"aeI\"><div class=\"AO\"><div id=\":3\" class=\"Tm aeJ\"><div id=\":1\" class=\"aeF\"><div class=\"nH\"><div class=\"nH\" role=\"main\"><div class=\"nH g\"><div class=\"nH a98 iY\"><div class=\"nH\"><div class=\"aHU hx\"><div role=\"list\"><div class=\"h7 ie\" tabindex=\"-1\" role=\"listitem\" aria-expanded=\"true\"><div class=\"Bk\"><div class=\"G3 G2\"><div id=\":p3\"><div class=\"adn ads\" data-message-id=\"#msg-f:1798482126943583795\" data-legacy-message-id=\"18f57df7375c7e33\"><div class=\"gs\"><div class=\"\"><div id=\":qs\" class=\"ii gt\"><div id=\":qo\" class=\"a3s aiL \"><div dir=\"ltr\"><p>El Ayuntamiento de Moclinejo hace un esfuerzo constante para que nuestros sitios webs sean de f\u00e1cil acceso y uso para todos. Seguimos las reglas y las pautas de Accesibilidad del Contenido en la Web (WCAG 2.0) producidas por el World Wide Web Consortium (W3C).<\/p><p>Las Pautas de Accesibilidad del Contenido en la Web son un conjunto de puntos de verificaci\u00f3n y pautas que ayudan a garantizar que las p\u00e1ginas web est\u00e9n dise\u00f1adas y escritas de manera correcta. Algunos ejemplos son:<\/p><p>Las im\u00e1genes deben tener un texto alternativo.<\/p><p>El contraste de color entre el primer plano y el fondo debe ser notable.<\/p><p>Posibilidad de ajustar el tama\u00f1o del texto seg\u00fan las preferencias del usuario.<\/p><p>Los encabezados se deben usar de forma correcta y tener un prop\u00f3sito.<\/p><p>Los enlaces deben tener sentido por s\u00ed solos.<\/p><p>Los cuadros y tablas se deben usar para dise\u00f1ar informaci\u00f3n que expresa diferentes valores y deben tener encabezados y res\u00famenes adecuados.<\/p><p>Nuestra meta es lograr el cumplimiento de est\u00e1ndares AA en todo nuestro sitio. Tambi\u00e9n buscamos oportunidades para cumplir con est\u00e1ndares AAA.<\/p><p>Observaciones &amp; Sugerencias<\/p><p>Estamos comprometidos a proporcionar acceso a todas las personas, con o sin discapacidades. Si tiene alg\u00fan problema al utilizar nuestro sitio web, comun\u00edquese con nosotros y proporcione la URL (direcci\u00f3n de la p\u00e1gina web) del material al que intent\u00f3 acceder, el problema que experiment\u00f3 y su informaci\u00f3n de contacto. Haremos todo lo posible por responderle y proporcionarle la informaci\u00f3n que est\u00e1 buscando.<\/p><\/div><\/div><\/div><\/div><\/div><\/div><\/div><\/div><\/div><\/div><\/div><\/div><\/div><\/div><\/div><\/div><\/div><\/div><\/div><\/div><\/div><\/div><\/div><\/div><\/div><\/div><\/div>\t\t\t\t\t\t\t\t<\/div>\n\t\t\t\t<\/div>\n\t\t\t\t\t<\/div>\n\t\t\t\t<\/div>\n\t\t\t\t<\/div>\n\t\t","protected":false},"excerpt":{"rendered":"<p>Pol\u00edtica de accesibilidad El Ayuntamiento de Moclinejo hace un esfuerzo constante para que nuestros sitios webs sean de f\u00e1cil acceso [&hellip;]<\/p>\n","protected":false},"author":2,"featured_media":0,"parent":0,"menu_order":0,"comment_status":"closed","ping_status":"closed","template":"","meta":{"_monsterinsights_skip_tracking":false,"_monsterinsights_sitenote_active":false,"_monsterinsights_sitenote_note":"","_monsterinsights_sitenote_category":0,"site-sidebar-layout":"no-sidebar","site-content-layout":"","ast-site-content-layout":"full-width-container","site-content-style":"default","site-sidebar-style":"default","ast-global-header-display":"","ast-banner-title-visibility":"","ast-main-header-display":"","ast-hfb-above-header-display":"","ast-hfb-below-header-display":"","ast-hfb-mobile-header-display":"","site-post-title":"disabled","ast-breadcrumbs-content":"","ast-featured-img":"disabled","footer-sml-layout":"","theme-transparent-header-meta":"","adv-header-id-meta":"","stick-header-meta":"","header-above-stick-meta":"","header-main-stick-meta":"","header-below-stick-meta":"","astra-migrate-meta-layouts":"default","ast-page-background-enabled":"default","ast-page-background-meta":{"desktop":{"background-color":"var(--ast-global-color-4)","background-image":"","background-repeat":"repeat","background-position":"center center","background-size":"auto","background-attachment":"scroll","background-type":"","background-media":"","overlay-type":"","overlay-color":"","overlay-gradient":""},"tablet":{"background-color":"","background-image":"","background-repeat":"repeat","background-position":"center center","background-size":"auto","background-attachment":"scroll","background-type":"","background-media":"","overlay-type":"","overlay-color":"","overlay-gradient":""},"mobile":{"background-color":"","background-image":"","background-repeat":"repeat","background-position":"center center","background-size":"auto","background-attachment":"scroll","background-type":"","background-media":"","overlay-type":"","overlay-color":"","overlay-gradient":""}},"ast-content-background-meta":{"desktop":{"background-color":"var(--ast-global-color-5)","background-image":"","background-repeat":"repeat","background-position":"center center","background-size":"auto","background-attachment":"scroll","background-type":"","background-media":"","overlay-type":"","overlay-color":"","overlay-gradient":""},"tablet":{"background-color":"var(--ast-global-color-5)","background-image":"","background-repeat":"repeat","background-position":"center center","background-size":"auto","background-attachment":"scroll","background-type":"","background-media":"","overlay-type":"","overlay-color":"","overlay-gradient":""},"mobile":{"background-color":"var(--ast-global-color-5)","background-image":"","background-repeat":"repeat","background-position":"center center","background-size":"auto","background-attachment":"scroll","background-type":"","background-media":"","overlay-type":"","overlay-color":"","overlay-gradient":""}},"footnotes":""},"class_list":["post-720","page","type-page","status-publish","hentry"],"aioseo_notices":[],"_links":{"self":[{"href":"https:\/\/www.visitmoclinejo.es\/index.php?rest_route=\/wp\/v2\/pages\/720","targetHints":{"allow":["GET"]}}],"collection":[{"href":"https:\/\/www.visitmoclinejo.es\/index.php?rest_route=\/wp\/v2\/pages"}],"about":[{"href":"https:\/\/www.visitmoclinejo.es\/index.php?rest_route=\/wp\/v2\/types\/page"}],"author":[{"embeddable":true,"href":"https:\/\/www.visitmoclinejo.es\/index.php?rest_route=\/wp\/v2\/users\/2"}],"replies":[{"embeddable":true,"href":"https:\/\/www.visitmoclinejo.es\/index.php?rest_route=%2Fwp%2Fv2%2Fcomments&post=720"}],"version-history":[{"count":4,"href":"https:\/\/www.visitmoclinejo.es\/index.php?rest_route=\/wp\/v2\/pages\/720\/revisions"}],"predecessor-version":[{"id":764,"href":"https:\/\/www.visitmoclinejo.es\/index.php?rest_route=\/wp\/v2\/pages\/720\/revisions\/764"}],"wp:attachment":[{"href":"https:\/\/www.visitmoclinejo.es\/index.php?rest_route=%2Fwp%2Fv2%2Fmedia&parent=720"}],"curies":[{"name":"wp","href":"https:\/\/api.w.org\/{rel}","templated":true}]}}